{"id":94,"date":"2018-09-22T21:38:04","date_gmt":"2018-09-22T21:38:04","guid":{"rendered":"https:\/\/wfbm-onw-eh.de\/?page_id=94"},"modified":"2019-06-04T11:49:03","modified_gmt":"2019-06-04T11:49:03","slug":"einrichtungsinterne-arbeitsbereiche","status":"publish","type":"page","link":"https:\/\/wfbm-onw-eh.de\/?page_id=94","title":{"rendered":"Einrichtungsinterne Arbeitsbereiche"},"content":{"rendered":"<p><strong>Einige unserer T\u00e4tigkeitsfelder dienen dem internen Ablauf und k\u00f6nnen nicht als Dienstleistungen au\u00dfer Haus angeboten werden.<\/strong><\/p>\n<p>&nbsp;<\/p>\n<p><strong>Hierzu geh\u00f6ren:<\/strong><\/p>\n<p>&nbsp;<\/p>\n<ul>\n<li>\n<h4><a title=\"Hauswirtschaft\" href=\"https:\/\/wfbm-onw-eh.de\/?page_id=102\">Hauswirtschaft<\/a><\/h4>\n<\/li>\n<li>\n<h4><a title=\"K\u00fcche\" href=\"https:\/\/wfbm-onw-eh.de\/?page_id=109\">K\u00fcche<\/a><\/h4>\n<\/li>\n<\/ul>\n<h4><img loading=\"lazy\" decoding=\"async\" class=\"alignright wp-image-99 size-thumbnail\" src=\"https:\/\/wfbm-onw-eh.de\/wp-content\/uploads\/2018\/09\/Piktogramm-K\u00fcche-150x150.png\" alt=\"\" width=\"150\" height=\"150\" \/><img loading=\"lazy\" decoding=\"async\" class=\"alignright wp-image-100 size-thumbnail\" src=\"https:\/\/wfbm-onw-eh.de\/wp-content\/uploads\/2018\/09\/hauswirtschaft-150x150.gif\" alt=\"\" width=\"150\" height=\"150\" \/><\/h4>\n<p>&nbsp;<\/p>\n","protected":false},"excerpt":{"rendered":"<p>Einige unserer T\u00e4tigkeitsfelder dienen dem internen Ablauf und k\u00f6nnen nicht als Dienstleistungen au\u00dfer Haus angeboten werden. &nbsp; Hierzu geh\u00f6ren: &nbsp; Hauswirtschaft K\u00fcche &nbsp;<\/p>\n","protected":false},"author":1,"featured_media":0,"parent":59,"menu_order":0,"comment_status":"closed","ping_status":"closed","template":"","meta":{"footnotes":""},"class_list":["post-94","page","type-page","status-publish","czr-hentry"],"_links":{"self":[{"href":"https:\/\/wfbm-onw-eh.de\/index.php?rest_route=\/wp\/v2\/pages\/94","targetHints":{"allow":["GET"]}}],"collection":[{"href":"https:\/\/wfbm-onw-eh.de\/index.php?rest_route=\/wp\/v2\/pages"}],"about":[{"href":"https:\/\/wfbm-onw-eh.de\/index.php?rest_route=\/wp\/v2\/types\/page"}],"author":[{"embeddable":true,"href":"https:\/\/wfbm-onw-eh.de\/index.php?rest_route=\/wp\/v2\/users\/1"}],"replies":[{"embeddable":true,"href":"https:\/\/wfbm-onw-eh.de\/index.php?rest_route=%2Fwp%2Fv2%2Fcomments&post=94"}],"version-history":[{"count":0,"href":"https:\/\/wfbm-onw-eh.de\/index.php?rest_route=\/wp\/v2\/pages\/94\/revisions"}],"up":[{"embeddable":true,"href":"https:\/\/wfbm-onw-eh.de\/index.php?rest_route=\/wp\/v2\/pages\/59"}],"wp:attachment":[{"href":"https:\/\/wfbm-onw-eh.de\/index.php?rest_route=%2Fwp%2Fv2%2Fmedia&parent=94"}],"curies":[{"name":"wp","href":"https:\/\/api.w.org\/{rel}","templated":true}]}}