{"id":89,"date":"2018-09-22T21:35:18","date_gmt":"2018-09-22T21:35:18","guid":{"rendered":"https:\/\/wfbm-onw-eh.de\/?page_id=89"},"modified":"2018-09-22T21:35:28","modified_gmt":"2018-09-22T21:35:28","slug":"grund-und-schwerpunktqualifizierung","status":"publish","type":"page","link":"https:\/\/wfbm-onw-eh.de\/?page_id=89","title":{"rendered":"Grund- und Schwerpunktqualifizierung"},"content":{"rendered":"<p><strong>Grundqualifizierung<\/strong><\/p>\n<p>Im ersten Jahr des Berufsbildungsbereiches erlangt der Teilnehmer durch Vermittlung fachpraktischer und fachtheoretischer Kenntnisse in den Bildungsbereichen berufliche Kompetenzen und handwerkliche F\u00e4higkeiten. Weiterhin erfolgt die Vermittlung von beruflichen Schl\u00fcsselkompetenzen zusammen mit pers\u00f6nlichkeitsbildenden Elementen.<br \/>\nSchwerpunkte sind z. B.:<\/p>\n<p>&#8211; Vermittlung von sozialen und kommunikativen Kompetenzen<br \/>\n&#8211; Vermittlung von methodischen Kompetenzen<br \/>\n&#8211; Vermittlung von Aktivit\u00e4ts- und Umsetzungskompetenzen<br \/>\n&#8211; Vermittlung von personalen Kompetenzen<br \/>\n&#8211; Vermittlung von allgemeinen Grundfertigkeiten<br \/>\n&#8211; Erhalten und Vermittlung von Kulturtechniken<\/p>\n<p>&nbsp;<\/p>\n<p><strong>Schwerpunktqualifizierung<\/strong><\/p>\n<p>In der Schwerpunktqualifizierung der beruflichen Bildung wird die Vermittlung fachpraktischer und fachtheoretischer Kenntnisse in den Bildungsbereichen weiter intensiviert. Es werden Fertigkeiten mit h\u00f6herem Schwierigkeitsgrad vermittelt. Die F\u00e4higkeit zu gr\u00f6\u00dferer Ausdauer und Belastung und Umstellung auf unterschiedliche T\u00e4tigkeiten im Arbeitsbereich wird gef\u00f6rdert. Die Vermittlung von beruflichen Schl\u00fcsselkompetenzen und der beruflichen Mobilit\u00e4t und Flexibilit\u00e4t wird weiter intensiviert. In Praktika der verschiedenen Arbeitsbereiche der Werkstatt oder au\u00dferhalb, lernt der Teilnehmer die reale Arbeitssituation in der Produktion oder Einrichtung kennen. Exkursionen und Workshops in Erg\u00e4nzung mit der fachpraktischen und fachtheoretischen Ausbildung unterst\u00fctzen die Ausbildung. Eine Vermittlung auf dem allgemeinen Arbeitsmarkt bzw. in weiterf\u00fchrende Qualifizierungsma\u00dfnahmen wird unbedingt angestrebt. Hierzu ist eine Arbeitserprobung in der Praxis (Betriebspraktikum) n\u00f6tig.<\/p>\n<p>Damit Praktika optimal verlaufen ist es wichtig, dass sie gr\u00fcndlich vorbereitet, begleitet und nachbereitet werden. Dazu ist die intensive Zusammenarbeit zwischen den Gruppenleitern, Berufsbildungsbereich und Arbeitsbereich, dem Bildungsbegleiter sowie zwischen den verantwortlichen Mitarbeitern von Praktikumsbetrieben au\u00dferhalb der Werkstatt, unerl\u00e4sslich.<\/p>\n","protected":false},"excerpt":{"rendered":"<p>Grundqualifizierung Im ersten Jahr des Berufsbildungsbereiches erlangt der Teilnehmer durch Vermittlung fachpraktischer und fachtheoretischer Kenntnisse in den Bildungsbereichen berufliche Kompetenzen und handwerkliche F\u00e4higkeiten. Weiterhin erfolgt die Vermittlung von beruflichen Schl\u00fcsselkompetenzen zusammen mit pers\u00f6nlichkeitsbildenden Elementen. Schwerpunkte sind z. B.: &#8211; Vermittlung von sozialen und kommunikativen Kompetenzen &#8211; Vermittlung von methodischen Kompetenzen &#8211; Vermittlung von Aktivit\u00e4ts- und [&hellip;]<\/p>\n","protected":false},"author":1,"featured_media":0,"parent":80,"menu_order":0,"comment_status":"closed","ping_status":"closed","template":"","meta":{"footnotes":""},"class_list":["post-89","page","type-page","status-publish","czr-hentry"],"_links":{"self":[{"href":"https:\/\/wfbm-onw-eh.de\/index.php?rest_route=\/wp\/v2\/pages\/89","targetHints":{"allow":["GET"]}}],"collection":[{"href":"https:\/\/wfbm-onw-eh.de\/index.php?rest_route=\/wp\/v2\/pages"}],"about":[{"href":"https:\/\/wfbm-onw-eh.de\/index.php?rest_route=\/wp\/v2\/types\/page"}],"author":[{"embeddable":true,"href":"https:\/\/wfbm-onw-eh.de\/index.php?rest_route=\/wp\/v2\/users\/1"}],"replies":[{"embeddable":true,"href":"https:\/\/wfbm-onw-eh.de\/index.php?rest_route=%2Fwp%2Fv2%2Fcomments&post=89"}],"version-history":[{"count":0,"href":"https:\/\/wfbm-onw-eh.de\/index.php?rest_route=\/wp\/v2\/pages\/89\/revisions"}],"up":[{"embeddable":true,"href":"https:\/\/wfbm-onw-eh.de\/index.php?rest_route=\/wp\/v2\/pages\/80"}],"wp:attachment":[{"href":"https:\/\/wfbm-onw-eh.de\/index.php?rest_route=%2Fwp%2Fv2%2Fmedia&parent=89"}],"curies":[{"name":"wp","href":"https:\/\/api.w.org\/{rel}","templated":true}]}}