{"id":74,"date":"2018-09-22T21:19:25","date_gmt":"2018-09-22T21:19:25","guid":{"rendered":"https:\/\/wfbm-onw-eh.de\/?page_id=74"},"modified":"2021-03-02T12:35:28","modified_gmt":"2021-03-02T12:35:28","slug":"foerder-und-beschaeftigungsbereich-fbb","status":"publish","type":"page","link":"https:\/\/wfbm-onw-eh.de\/?page_id=74","title":{"rendered":"F\u00f6rder- und Besch\u00e4ftigungsbereich (FBB)"},"content":{"rendered":"<p><img loading=\"lazy\" decoding=\"async\" class=\"size-medium wp-image-933 alignleft\" src=\"https:\/\/wfbm-onw-eh.de\/wp-content\/uploads\/2021\/03\/Ffo-300x225.jpg\" alt=\"\" width=\"300\" height=\"225\" srcset=\"https:\/\/wfbm-onw-eh.de\/wp-content\/uploads\/2021\/03\/Ffo-300x225.jpg 300w, https:\/\/wfbm-onw-eh.de\/wp-content\/uploads\/2021\/03\/Ffo-1024x768.jpg 1024w, https:\/\/wfbm-onw-eh.de\/wp-content\/uploads\/2021\/03\/Ffo-768x576.jpg 768w, https:\/\/wfbm-onw-eh.de\/wp-content\/uploads\/2021\/03\/Ffo-1536x1152.jpg 1536w, https:\/\/wfbm-onw-eh.de\/wp-content\/uploads\/2021\/03\/Ffo.jpg 2048w\" sizes=\"auto, (max-width: 300px) 100vw, 300px\" \/><\/p>\n<p>In den FBB werden Menschen mit Schwerstbehinderungen aufgenommen, die auf Grund der Schwere ihrer Behinderung nicht oder noch nicht in der Lage sind, auch unter Ber\u00fccksichtigung der M\u00f6glichkeiten des \u00a7 136 SGB IX \u00fcber das Eingangsverfahren in die einzelnen Bereiche der WfbM (BBB, AB) zu berufsf\u00f6rdernden und rehabilitativen Ma\u00dfnahmen eingegliedert werden zu k\u00f6nnen.<\/p>\n<p>Die Mitarbeiter des FBB sind in allen Bereichen des Lebens auf individuelle, spezielle intensive F\u00f6rderung und Unterst\u00fctzung angewiesen. H\u00e4ufig sind sie zus\u00e4tzlich durch Verhaltensst\u00f6rungen, Sinnes- und Sprachbehinderungen, Bewegungsst\u00f6rungen, Antriebsst\u00f6rungen, Anfallsleiden und psychische Erkrankungen beeintr\u00e4chtigt.<\/p>\n<p>Sie ben\u00f6tigen somit zu ihrer Alltagsbew\u00e4ltigung und Pers\u00f6nlichkeitsentwicklung intensive p\u00e4dagogische Betreuung sowie pflegerische und therapeutische Hilfe, um letztendlich, unter spezieller F\u00f6rderung, eine Teilhabe am Leben in der Gemeinschaft \u00a7 55 SGB IX oder entsprechend ihrer Entwicklung zur Teilhabe am Arbeitsleben SGB IX \u00a7 33 zu erreichen.<\/p>\n<p>In Eisenh\u00fcttenstadt haben wir eine Kapazit\u00e4t von 23 Pl\u00e4tzen. In unserer Zweigwerkstatt haben wir die M\u00f6glichkeit, insgesamt 6 Menschen im F\u00f6rder- und Besch\u00e4ftigungsbereich zu betreuen.<\/p>\n","protected":false},"excerpt":{"rendered":"<p>In den FBB werden Menschen mit Schwerstbehinderungen aufgenommen, die auf Grund der Schwere ihrer Behinderung nicht oder noch nicht in der Lage sind, auch unter Ber\u00fccksichtigung der M\u00f6glichkeiten des \u00a7 136 SGB IX \u00fcber das Eingangsverfahren in die einzelnen Bereiche der WfbM (BBB, AB) zu berufsf\u00f6rdernden und rehabilitativen Ma\u00dfnahmen eingegliedert werden zu k\u00f6nnen. Die Mitarbeiter [&hellip;]<\/p>\n","protected":false},"author":1,"featured_media":0,"parent":59,"menu_order":0,"comment_status":"closed","ping_status":"closed","template":"","meta":{"footnotes":""},"class_list":["post-74","page","type-page","status-publish","czr-hentry"],"_links":{"self":[{"href":"https:\/\/wfbm-onw-eh.de\/index.php?rest_route=\/wp\/v2\/pages\/74","targetHints":{"allow":["GET"]}}],"collection":[{"href":"https:\/\/wfbm-onw-eh.de\/index.php?rest_route=\/wp\/v2\/pages"}],"about":[{"href":"https:\/\/wfbm-onw-eh.de\/index.php?rest_route=\/wp\/v2\/types\/page"}],"author":[{"embeddable":true,"href":"https:\/\/wfbm-onw-eh.de\/index.php?rest_route=\/wp\/v2\/users\/1"}],"replies":[{"embeddable":true,"href":"https:\/\/wfbm-onw-eh.de\/index.php?rest_route=%2Fwp%2Fv2%2Fcomments&post=74"}],"version-history":[{"count":0,"href":"https:\/\/wfbm-onw-eh.de\/index.php?rest_route=\/wp\/v2\/pages\/74\/revisions"}],"up":[{"embeddable":true,"href":"https:\/\/wfbm-onw-eh.de\/index.php?rest_route=\/wp\/v2\/pages\/59"}],"wp:attachment":[{"href":"https:\/\/wfbm-onw-eh.de\/index.php?rest_route=%2Fwp%2Fv2%2Fmedia&parent=74"}],"curies":[{"name":"wp","href":"https:\/\/api.w.org\/{rel}","templated":true}]}}