{"id":67,"date":"2018-09-22T21:16:13","date_gmt":"2018-09-22T21:16:13","guid":{"rendered":"https:\/\/wfbm-onw-eh.de\/?page_id=67"},"modified":"2018-09-22T21:33:40","modified_gmt":"2018-09-22T21:33:40","slug":"moeglichkeiten-der-teilhabe-am-arbeitsleben","status":"publish","type":"page","link":"https:\/\/wfbm-onw-eh.de\/?page_id=67","title":{"rendered":"M\u00f6glichkeiten der Teilhabe am Arbeitsleben"},"content":{"rendered":"<p>&nbsp;<\/p>\n<p>&nbsp;<\/p>\n<p>Der Lebenshilfe Oder-Nei\u00dfe-Werkst\u00e4tten e. V. bietet Menschen mit Behinderungen die M\u00f6glichkeit der Teilhabe am Arbeitsleben.<a href=\"https:\/\/wfbm-onw-eh.de\/wp-content\/uploads\/2018\/09\/IMG_0518.jpg\"><img loading=\"lazy\" decoding=\"async\" class=\"alignleft size-medium wp-image-458\" src=\"https:\/\/wfbm-onw-eh.de\/wp-content\/uploads\/2018\/09\/IMG_0518-300x200.jpg\" alt=\"IMG_0518\" width=\"300\" height=\"200\" \/><\/a><\/p>\n<p>Im <a title=\"Eingangsverfahren\" href=\"https:\/\/wfbm-onw-eh.de\/?page_id=27\">Eingangsverfahren (EV)<\/a> und<a title=\"Berufsbildungsbereich\" href=\"https:\/\/wfbm-onw-eh.de\/?page_id=80\"> Berufsbildungsbereich (BBB)<\/a> werden arbeitsbezogene, soziale und lebenspraktische Kompetenzen entwickelt. Jeder Teilnehmer wird in dieser Zeit auf die Aufnahme in einen unserer Arbeitsbereiche vorbereitet.<\/p>\n<p>Ansprechpartner f\u00fcr die Aufnahme in die Werkstatt ist der Begleitende Dienst. Dieser informiert und ber\u00e4t Sie gern zu Fragen der Aufnahme sowie zum weiteren Werdegang.<\/p>\n<p>&nbsp;<\/p>\n","protected":false},"excerpt":{"rendered":"<p>&nbsp; &nbsp; Der Lebenshilfe Oder-Nei\u00dfe-Werkst\u00e4tten e. V. bietet Menschen mit Behinderungen die M\u00f6glichkeit der Teilhabe am Arbeitsleben. Im Eingangsverfahren (EV) und Berufsbildungsbereich (BBB) werden arbeitsbezogene, soziale und lebenspraktische Kompetenzen entwickelt. Jeder Teilnehmer wird in dieser Zeit auf die Aufnahme in einen unserer Arbeitsbereiche vorbereitet. Ansprechpartner f\u00fcr die Aufnahme in die Werkstatt ist der Begleitende Dienst. [&hellip;]<\/p>\n","protected":false},"author":1,"featured_media":0,"parent":59,"menu_order":0,"comment_status":"closed","ping_status":"closed","template":"","meta":{"footnotes":""},"class_list":["post-67","page","type-page","status-publish","czr-hentry"],"_links":{"self":[{"href":"https:\/\/wfbm-onw-eh.de\/index.php?rest_route=\/wp\/v2\/pages\/67","targetHints":{"allow":["GET"]}}],"collection":[{"href":"https:\/\/wfbm-onw-eh.de\/index.php?rest_route=\/wp\/v2\/pages"}],"about":[{"href":"https:\/\/wfbm-onw-eh.de\/index.php?rest_route=\/wp\/v2\/types\/page"}],"author":[{"embeddable":true,"href":"https:\/\/wfbm-onw-eh.de\/index.php?rest_route=\/wp\/v2\/users\/1"}],"replies":[{"embeddable":true,"href":"https:\/\/wfbm-onw-eh.de\/index.php?rest_route=%2Fwp%2Fv2%2Fcomments&post=67"}],"version-history":[{"count":1,"href":"https:\/\/wfbm-onw-eh.de\/index.php?rest_route=\/wp\/v2\/pages\/67\/revisions"}],"predecessor-version":[{"id":1591,"href":"https:\/\/wfbm-onw-eh.de\/index.php?rest_route=\/wp\/v2\/pages\/67\/revisions\/1591"}],"up":[{"embeddable":true,"href":"https:\/\/wfbm-onw-eh.de\/index.php?rest_route=\/wp\/v2\/pages\/59"}],"wp:attachment":[{"href":"https:\/\/wfbm-onw-eh.de\/index.php?rest_route=%2Fwp%2Fv2%2Fmedia&parent=67"}],"curies":[{"name":"wp","href":"https:\/\/api.w.org\/{rel}","templated":true}]}}