{"id":51,"date":"2018-09-22T20:36:54","date_gmt":"2018-09-22T20:36:54","guid":{"rendered":"https:\/\/wfbm-onw-eh.de\/?page_id=51"},"modified":"2025-02-07T09:46:50","modified_gmt":"2025-02-07T09:46:50","slug":"zweigwerkstatt-frankfurt-oder","status":"publish","type":"page","link":"https:\/\/wfbm-onw-eh.de\/?page_id=51","title":{"rendered":"Zweigwerkstatt Frankfurt (Oder)"},"content":{"rendered":"<p><a href=\"https:\/\/wfbm-onw-eh.de\/wp-content\/uploads\/2018\/09\/Zweigwerkstatt-Frankfurt-Oder.jpg\"><img loading=\"lazy\" decoding=\"async\" width=\"300\" height=\"225\" class=\"alignleft size-medium wp-image-114\" alt=\"Zweigwerkstatt Frankfurt-Oder\" src=\"https:\/\/wfbm-onw-eh.de\/wp-content\/uploads\/2018\/09\/Zweigwerkstatt-Frankfurt-Oder-300x225.jpg\"><\/a>Der Lebenshilfe Oder-Nei\u00dfe Werkst\u00e4tten e. V., Zweigwerkstatt Frankfurt (Oder) geht auf eine Tradition aus dem Jahre 1981 zur\u00fcck. Damals war die Behindertenwerkstatt noch im Keller des Seniorenheims in Neuberesinchen untergebracht. Dort waren ca. 18 behinderte Menschen besch\u00e4ftigt.<\/p>\n<p>Seit dem Fr\u00fchjahr 1991 hat die Werkstatt ihren neuen Standort in der ehemaligen Kindereinrichtung S\u00fcdring 55 und geh\u00f6rt seit Januar 1992 als Zweigwerkstatt zum Lebenshilfe Oder-Nei\u00dfe-Werkst\u00e4tten e. V.<\/p>\n<p>Dadurch konnte die Platzkapazit\u00e4t erweitert werden. In der Zweigwerkstatt werden derzeit 58 behinderte Menschen im Berufsbildungsbereich, im Arbeitsbereich und im F\u00f6rder- und Besch\u00e4ftigungsbereich besch\u00e4ftigt, angeleitet, gef\u00f6rdert und betreut.<\/p>\n","protected":false},"excerpt":{"rendered":"<p>Der Lebenshilfe Oder-Nei\u00dfe Werkst\u00e4tten e. V., Zweigwerkstatt Frankfurt (Oder) geht auf eine Tradition aus dem Jahre 1981 zur\u00fcck. Damals war die Behindertenwerkstatt noch im Keller des Seniorenheims in Neuberesinchen untergebracht. Dort waren ca. 18 behinderte Menschen besch\u00e4ftigt. Seit dem Fr\u00fchjahr 1991 hat die Werkstatt ihren neuen Standort in der ehemaligen Kindereinrichtung S\u00fcdring 55 und geh\u00f6rt [&hellip;]<\/p>\n","protected":false},"author":1,"featured_media":0,"parent":0,"menu_order":2,"comment_status":"closed","ping_status":"closed","template":"","meta":{"footnotes":""},"class_list":["post-51","page","type-page","status-publish","czr-hentry"],"_links":{"self":[{"href":"https:\/\/wfbm-onw-eh.de\/index.php?rest_route=\/wp\/v2\/pages\/51","targetHints":{"allow":["GET"]}}],"collection":[{"href":"https:\/\/wfbm-onw-eh.de\/index.php?rest_route=\/wp\/v2\/pages"}],"about":[{"href":"https:\/\/wfbm-onw-eh.de\/index.php?rest_route=\/wp\/v2\/types\/page"}],"author":[{"embeddable":true,"href":"https:\/\/wfbm-onw-eh.de\/index.php?rest_route=\/wp\/v2\/users\/1"}],"replies":[{"embeddable":true,"href":"https:\/\/wfbm-onw-eh.de\/index.php?rest_route=%2Fwp%2Fv2%2Fcomments&post=51"}],"version-history":[{"count":1,"href":"https:\/\/wfbm-onw-eh.de\/index.php?rest_route=\/wp\/v2\/pages\/51\/revisions"}],"predecessor-version":[{"id":1465,"href":"https:\/\/wfbm-onw-eh.de\/index.php?rest_route=\/wp\/v2\/pages\/51\/revisions\/1465"}],"wp:attachment":[{"href":"https:\/\/wfbm-onw-eh.de\/index.php?rest_route=%2Fwp%2Fv2%2Fmedia&parent=51"}],"curies":[{"name":"wp","href":"https:\/\/api.w.org\/{rel}","templated":true}]}}