{"id":40,"date":"2018-09-22T20:29:04","date_gmt":"2018-09-22T20:29:04","guid":{"rendered":"https:\/\/wfbm-onw-eh.de\/?page_id=40"},"modified":"2018-09-22T20:29:25","modified_gmt":"2018-09-22T20:29:25","slug":"leitbild-leitgedanken","status":"publish","type":"page","link":"https:\/\/wfbm-onw-eh.de\/?page_id=40","title":{"rendered":"Leitbild\/Leitgedanken"},"content":{"rendered":"<h2>Leitbild (Auszug)<\/h2>\n<p>&nbsp;<\/p>\n<p>Der Lebenshilfe Oder-Nei\u00dfe Werkst\u00e4tten e. V. f\u00fchlt sich den Idealen, Zielen und Aufgaben der bundesweit organisierten Lebenshilfe f\u00fcr behinderte Menschen verpflichtet.<\/p>\n<h4><\/h4>\n<h4 style=\"text-align: center;\">Unser Grundsatz:<\/h4>\n<h4 style=\"text-align: center;\">Menschen mit und ohne Behinderung haben die gleichen<\/h4>\n<h4 style=\"text-align: center;\">Lebensgrundbed\u00fcrfnisse und Rechte<\/h4>\n<p>&nbsp;<\/p>\n<p>wird in der Einrichtung allumfassend anerkannt und gemeinsam von den Angestellten (den Leitern, den Fachkr\u00e4ften, dem Betreuungspersonal) und den Mitarbeitern durchgesetzt.<\/p>\n<p>In diesem Zusammenhang bilden folgende Schwerpunkte den Inhalt unserer T\u00e4tigkeit:<\/p>\n<p>Der Mensch mit Behinderung &#8211; unser Mitarbeiter &#8211; steht im Mittelpunkt unseres gesamten Wirkens. Dabei spielen die Achtung der Pers\u00f6nlichkeit und das partnerschaftliche Miteinander die entscheidende Rolle bei der Umsetzung der rehabilitativen Ziele:<\/p>\n<p>&nbsp;<\/p>\n<h4 style=\"text-align: center;\">Gleichstellung, Teilhabe und Selbstbestimmung<\/h4>\n<p>&nbsp;<\/p>\n<p>Die Schaffung und Erhaltung eines ausgewogenen Verh\u00e4ltnisses zwischen Produktion und Rehabilitation ist f\u00fcr uns der Ma\u00dfstab unserer Arbeit.<\/p>\n<p>Der ganzheitlichen Betreuung in unserer Einrichtung mit all ihren Formen und M\u00f6glichkeiten wird die Priorit\u00e4t einger\u00e4umt.<\/p>\n","protected":false},"excerpt":{"rendered":"<p>Leitbild (Auszug) &nbsp; Der Lebenshilfe Oder-Nei\u00dfe Werkst\u00e4tten e. V. f\u00fchlt sich den Idealen, Zielen und Aufgaben der bundesweit organisierten Lebenshilfe f\u00fcr behinderte Menschen verpflichtet. Unser Grundsatz: Menschen mit und ohne Behinderung haben die gleichen Lebensgrundbed\u00fcrfnisse und Rechte &nbsp; wird in der Einrichtung allumfassend anerkannt und gemeinsam von den Angestellten (den Leitern, den Fachkr\u00e4ften, dem Betreuungspersonal) [&hellip;]<\/p>\n","protected":false},"author":1,"featured_media":0,"parent":0,"menu_order":0,"comment_status":"closed","ping_status":"closed","template":"","meta":{"footnotes":""},"class_list":["post-40","page","type-page","status-publish","czr-hentry"],"_links":{"self":[{"href":"https:\/\/wfbm-onw-eh.de\/index.php?rest_route=\/wp\/v2\/pages\/40","targetHints":{"allow":["GET"]}}],"collection":[{"href":"https:\/\/wfbm-onw-eh.de\/index.php?rest_route=\/wp\/v2\/pages"}],"about":[{"href":"https:\/\/wfbm-onw-eh.de\/index.php?rest_route=\/wp\/v2\/types\/page"}],"author":[{"embeddable":true,"href":"https:\/\/wfbm-onw-eh.de\/index.php?rest_route=\/wp\/v2\/users\/1"}],"replies":[{"embeddable":true,"href":"https:\/\/wfbm-onw-eh.de\/index.php?rest_route=%2Fwp%2Fv2%2Fcomments&post=40"}],"version-history":[{"count":0,"href":"https:\/\/wfbm-onw-eh.de\/index.php?rest_route=\/wp\/v2\/pages\/40\/revisions"}],"wp:attachment":[{"href":"https:\/\/wfbm-onw-eh.de\/index.php?rest_route=%2Fwp%2Fv2%2Fmedia&parent=40"}],"curies":[{"name":"wp","href":"https:\/\/api.w.org\/{rel}","templated":true}]}}