{"id":29,"date":"2018-09-22T20:10:30","date_gmt":"2018-09-22T20:10:30","guid":{"rendered":"https:\/\/wfbm-onw-eh.de\/?page_id=29"},"modified":"2018-09-22T22:39:19","modified_gmt":"2018-09-22T22:39:19","slug":"arbeitsbereiche-mit-leistungen-fuer-externe-auftraggeber","status":"publish","type":"page","link":"https:\/\/wfbm-onw-eh.de\/?page_id=29","title":{"rendered":"Arbeitsbereiche mit Leistungen f\u00fcr externe Auftraggeber"},"content":{"rendered":"<p><a href=\"https:\/\/wfbm-onw-eh.de\/wp-content\/uploads\/2018\/09\/IMG_0495.jpg\"><img loading=\"lazy\" decoding=\"async\" class=\"alignright size-medium wp-image-448\" src=\"https:\/\/wfbm-onw-eh.de\/wp-content\/uploads\/2018\/09\/IMG_0495-300x200.jpg\" alt=\"IMG_0495\" width=\"300\" height=\"200\" \/><\/a><\/p>\n<p>Der Lebenshilfe Oder-Nei\u00dfe-Werkst\u00e4tten e. V. ist als Dienstleister in den Bereichen<\/p>\n<ul>\n<li><a title=\"Holzbearbeitung\" href=\"https:\/\/wfbm-onw-eh.de\/?page_id=120\">Holzbearbeitung<\/a><\/li>\n<li><a title=\"W\u00e4scherei\" href=\"https:\/\/wfbm-onw-eh.de\/?page_id=126\">W\u00e4scherei<\/a><\/li>\n<li><a title=\"Garten- und Landschaftspflege\" href=\"https:\/\/wfbm-onw-eh.de\/?page_id=143\">Garten- und Landschaftspflege<\/a><\/li>\n<li><a title=\"Elektronikschrottrecycling\" href=\"https:\/\/wfbm-onw-eh.de\/?page_id=153\">Elektronikschrottrecycling<\/a><\/li>\n<li><a title=\"Montage- und Verpackungsarbeiten\" href=\"https:\/\/wfbm-onw-eh.de\/?page_id=162\">Montage- und Verpackungsarbeiten<\/a><\/li>\n<li><a title=\"Textil- \/ Kunstgewerbe\" href=\"https:\/\/wfbm-onw-eh.de\/?page_id=175\">Textil- \/Kunstgewerbe<\/a><\/li>\n<\/ul>\n<p>aktiv.<\/p>\n<p>&nbsp;<\/p>\n<p><strong><span style=\"color: #ff0000;\">Besonders f\u00fcr den Bereich der leichten Montage- und Verpackungsarbeiten sind wir daran interessiert, neue langfristige Kundenbeziehungen f\u00fcr unsere schwerstmehrfachbehinderten Mitarbeiter aufzubauen.<\/span><\/strong><\/p>\n<p><strong><span style=\"color: #ff0000;\">Bei Interesse kontaktieren Sie uns bitte. Wir unterbreiten Ihnen gern ein Angebot.<\/span><\/strong><\/p>\n<p><strong><span style=\"color: #ff0000;\"> <\/span><\/strong><\/p>\n","protected":false},"excerpt":{"rendered":"<p>Der Lebenshilfe Oder-Nei\u00dfe-Werkst\u00e4tten e. V. ist als Dienstleister in den Bereichen Holzbearbeitung W\u00e4scherei Garten- und Landschaftspflege Elektronikschrottrecycling Montage- und Verpackungsarbeiten Textil- \/Kunstgewerbe aktiv. &nbsp; Besonders f\u00fcr den Bereich der leichten Montage- und Verpackungsarbeiten sind wir daran interessiert, neue langfristige Kundenbeziehungen f\u00fcr unsere schwerstmehrfachbehinderten Mitarbeiter aufzubauen. Bei Interesse kontaktieren Sie uns bitte. Wir unterbreiten Ihnen gern [&hellip;]<\/p>\n","protected":false},"author":1,"featured_media":0,"parent":59,"menu_order":0,"comment_status":"closed","ping_status":"closed","template":"","meta":{"footnotes":""},"class_list":["post-29","page","type-page","status-publish","czr-hentry"],"_links":{"self":[{"href":"https:\/\/wfbm-onw-eh.de\/index.php?rest_route=\/wp\/v2\/pages\/29","targetHints":{"allow":["GET"]}}],"collection":[{"href":"https:\/\/wfbm-onw-eh.de\/index.php?rest_route=\/wp\/v2\/pages"}],"about":[{"href":"https:\/\/wfbm-onw-eh.de\/index.php?rest_route=\/wp\/v2\/types\/page"}],"author":[{"embeddable":true,"href":"https:\/\/wfbm-onw-eh.de\/index.php?rest_route=\/wp\/v2\/users\/1"}],"replies":[{"embeddable":true,"href":"https:\/\/wfbm-onw-eh.de\/index.php?rest_route=%2Fwp%2Fv2%2Fcomments&post=29"}],"version-history":[{"count":0,"href":"https:\/\/wfbm-onw-eh.de\/index.php?rest_route=\/wp\/v2\/pages\/29\/revisions"}],"up":[{"embeddable":true,"href":"https:\/\/wfbm-onw-eh.de\/index.php?rest_route=\/wp\/v2\/pages\/59"}],"wp:attachment":[{"href":"https:\/\/wfbm-onw-eh.de\/index.php?rest_route=%2Fwp%2Fv2%2Fmedia&parent=29"}],"curies":[{"name":"wp","href":"https:\/\/api.w.org\/{rel}","templated":true}]}}