{"id":272,"date":"2018-09-23T00:41:32","date_gmt":"2018-09-23T00:41:32","guid":{"rendered":"https:\/\/wfbm-onw-eh.de\/?page_id=272"},"modified":"2025-08-06T09:34:35","modified_gmt":"2025-08-06T09:34:35","slug":"impressum","status":"publish","type":"page","link":"https:\/\/wfbm-onw-eh.de\/?page_id=272","title":{"rendered":"Impressum"},"content":{"rendered":"<p><span style=\"font-family: arial,helvetica,sans-serif; font-size: 14pt;\"><strong>Angaben gem\u00e4\u00df \u00a7 5 TMG<\/strong><\/span><\/p>\n<p><span style=\"font-family: arial,helvetica,sans-serif; font-size: 14pt;\">Lebenshilfe Oder-Nei\u00dfe-Werkst\u00e4tten e. V.<\/span><br \/><span style=\"font-family: arial,helvetica,sans-serif; font-size: 14pt;\">Ringstra\u00dfe 7<\/span><br \/><span style=\"font-family: arial,helvetica,sans-serif; font-size: 14pt;\">15890 Eisenh\u00fcttenstadt<\/span><\/p>\n<p><span style=\"font-family: arial,helvetica,sans-serif; font-size: 14pt;\">Vereinsregister: VR 1133 FF<\/span><br \/><span style=\"font-family: arial,helvetica,sans-serif; font-size: 14pt;\">Registergericht: Amtsgericht Frankfurt (Oder)<\/span><\/p>\n<p><span style=\"font-family: arial,helvetica,sans-serif; font-size: 14pt;\"><strong>vertreten durch den Vorstand:<\/strong><\/span><br \/><span style=\"font-family: arial,helvetica,sans-serif; font-size: 14pt;\">Vorstandsvorsitzende: Jana Fr\u00f6scher<\/span><\/p>\n<p><span style=\"font-family: arial,helvetica,sans-serif; font-size: 14pt;\"><strong>Kontakt<\/strong><\/span><\/p>\n<p><span style=\"font-family: arial,helvetica,sans-serif; font-size: 14pt;\">Telefon: 03364 71126 oder 03364 769430<\/span><br \/><span style=\"font-family: arial,helvetica,sans-serif; font-size: 14pt;\">Telefax: 03364 751025<\/span><br \/><span style=\"font-family: arial,helvetica,sans-serif; font-size: 14pt;\">E-Mail: info@wfb-onw-eh.de<\/span><\/p>\n<p><span style=\"font-family: arial,helvetica,sans-serif; font-size: 14pt;\"><strong>Umsatzsteuer-ID<\/strong><\/span><\/p>\n<p><span style=\"font-family: arial,helvetica,sans-serif; font-size: 14pt;\">Umsatzsteuer-Identifikationsnummer gem\u00e4\u00df \u00a7 27 a Umsatzsteuergesetz:<\/span><br \/><span style=\"font-family: arial,helvetica,sans-serif; font-size: 14pt;\">DE 139000380<\/span><\/p>\n<p><span style=\"font-family: arial,helvetica,sans-serif; font-size: 14pt;\"><strong>Angaben zur Berufshaftpflichtversicherung<\/strong><\/span><\/p>\n<p><span style=\"font-family: arial,helvetica,sans-serif; font-size: 14pt;\"><strong>Name und Sitz des Versicherers:<\/strong><\/span><br \/><span style=\"font-family: arial,helvetica,sans-serif; font-size: 14pt;\">Berufsgenossenschaft f\u00fcr Gesundheitsdienst und Wohlfahrtspflege<\/span><br \/><span style=\"font-family: arial,helvetica,sans-serif; font-size: 14pt;\">Hauptverwaltung <\/span><span style=\"font-family: arial,helvetica,sans-serif; font-size: 14pt;\">2<\/span><\/p>\n<p><span style=\"font-family: arial,helvetica,sans-serif; font-size: 14pt;\"><strong>Geltungsraum der Versicherung:<\/strong><\/span><br \/><span style=\"font-family: arial,helvetica,sans-serif; font-size: 14pt;\">Deutschland<\/span><\/p>\n<p><span style=\"font-family: arial,helvetica,sans-serif; font-size: 14pt;\"><strong>Verbraucherstreitbeilegung\/Universalschlichtungsstelle<\/strong><\/span><\/p>\n<p><span style=\"font-family: arial,helvetica,sans-serif; font-size: 14pt;\">Wir sind nicht bereit oder verpflichtet, an Streitbeilegungsverfahren vor einer Verbraucherschlichtungsstelle teilzunehmen.<\/span><\/p>\n\n\n\n","protected":false},"excerpt":{"rendered":"<p>Angaben gem\u00e4\u00df \u00a7 5 TMG Lebenshilfe Oder-Nei\u00dfe-Werkst\u00e4tten e. V.Ringstra\u00dfe 715890 Eisenh\u00fcttenstadt Vereinsregister: VR 1133 FFRegistergericht: Amtsgericht Frankfurt (Oder) vertreten durch den Vorstand:Vorstandsvorsitzende: Jana Fr\u00f6scher Kontakt Telefon: 03364 71126 oder 03364 769430Telefax: 03364 751025E-Mail: info@wfb-onw-eh.de Umsatzsteuer-ID Umsatzsteuer-Identifikationsnummer gem\u00e4\u00df \u00a7 27 a Umsatzsteuergesetz:DE 139000380 Angaben zur Berufshaftpflichtversicherung Name und Sitz des Versicherers:Berufsgenossenschaft f\u00fcr Gesundheitsdienst und WohlfahrtspflegeHauptverwaltung 2 [&hellip;]<\/p>\n","protected":false},"author":1,"featured_media":0,"parent":255,"menu_order":0,"comment_status":"closed","ping_status":"closed","template":"","meta":{"footnotes":""},"class_list":["post-272","page","type-page","status-publish","czr-hentry"],"_links":{"self":[{"href":"https:\/\/wfbm-onw-eh.de\/index.php?rest_route=\/wp\/v2\/pages\/272","targetHints":{"allow":["GET"]}}],"collection":[{"href":"https:\/\/wfbm-onw-eh.de\/index.php?rest_route=\/wp\/v2\/pages"}],"about":[{"href":"https:\/\/wfbm-onw-eh.de\/index.php?rest_route=\/wp\/v2\/types\/page"}],"author":[{"embeddable":true,"href":"https:\/\/wfbm-onw-eh.de\/index.php?rest_route=\/wp\/v2\/users\/1"}],"replies":[{"embeddable":true,"href":"https:\/\/wfbm-onw-eh.de\/index.php?rest_route=%2Fwp%2Fv2%2Fcomments&post=272"}],"version-history":[{"count":4,"href":"https:\/\/wfbm-onw-eh.de\/index.php?rest_route=\/wp\/v2\/pages\/272\/revisions"}],"predecessor-version":[{"id":1349,"href":"https:\/\/wfbm-onw-eh.de\/index.php?rest_route=\/wp\/v2\/pages\/272\/revisions\/1349"}],"up":[{"embeddable":true,"href":"https:\/\/wfbm-onw-eh.de\/index.php?rest_route=\/wp\/v2\/pages\/255"}],"wp:attachment":[{"href":"https:\/\/wfbm-onw-eh.de\/index.php?rest_route=%2Fwp%2Fv2%2Fmedia&parent=272"}],"curies":[{"name":"wp","href":"https:\/\/api.w.org\/{rel}","templated":true}]}}