{"id":27,"date":"2018-09-22T20:05:44","date_gmt":"2018-09-22T20:05:44","guid":{"rendered":"https:\/\/wfbm-onw-eh.de\/?page_id=27"},"modified":"2018-09-22T21:32:00","modified_gmt":"2018-09-22T21:32:00","slug":"eingangsverfahren","status":"publish","type":"page","link":"https:\/\/wfbm-onw-eh.de\/?page_id=27","title":{"rendered":"Eingangsverfahren"},"content":{"rendered":"<p>Die Dauer des Eingangsverfahrens ist mit drei Monaten gesetzm\u00e4\u00dfig festgeschrieben. Die Leistungen im Eingangsverfahren einer WfbM erh\u00e4lt der behinderte Mensch zur Feststellung:<\/p>\n<p>&#8211; ob die Werkstatt f\u00fcr den Mitarbeiter die geeignete Einrichtung zur Teilhabe am Arbeitsleben ist<\/p>\n<p>&#8211; welche Kenntnisse und Kompetenzen der Teilnehmer besitzt<\/p>\n<p>&#8211; welche Bereiche und Arbeitsfelder in der WfbM oder au\u00dferhalb der Werkstatt f\u00fcr den Mitarbeiter in Aussicht stehen<\/p>\n<p>Mit dem Eintritt in das Eingangsverfahren beginnt f\u00fcr jeden Mitarbeiter ein neuer und wichtiger Abschnitt in seinem Leben, welcher mit den unterschiedlichsten Gef\u00fchlen und Erwartungen verbunden ist. F\u00fcr den Schulabg\u00e4nger bedeutet der Wechsel in die Werkstatt, den Einstieg in das Arbeitsleben. F\u00fcr den Mitarbeiter, welcher auf dem allgemeinen Arbeitsmarkt t\u00e4tig war, ist die Auseinandersetzung mit der Tatsache in einer Werkstatt mit behinderten Menschen zu arbeiten, von besonderer Bedeutung. Diesen neu aufgenommenen Teilnehmer soll durch das Eingangsverfahren der Start in die berufliche Bildung erleichtert werden. In dieser Zeit lernt der Teilnehmer die Bildungsbereiche und seine Bezugspersonen kennen und wird bef\u00e4higt, zusammen mit den Gruppenleitern und dem Bildungsbegleiter zwischen den unterschiedlichsten Angeboten zu w\u00e4hlen und sich f\u00fcr eine oder mehrere Ausbildungsrichtungen zu entscheiden. Die berufliche Bildung erfolgt nach modularen Rahmenbildungspl\u00e4nen. Sie sollen fachtheoretische und fachpraktische Basiskompetenzen vermitteln und sich am handlungsorientierten Lernen schwerpunktm\u00e4\u00dfig orientieren.<\/p>\n","protected":false},"excerpt":{"rendered":"<p>Die Dauer des Eingangsverfahrens ist mit drei Monaten gesetzm\u00e4\u00dfig festgeschrieben. Die Leistungen im Eingangsverfahren einer WfbM erh\u00e4lt der behinderte Mensch zur Feststellung: &#8211; ob die Werkstatt f\u00fcr den Mitarbeiter die geeignete Einrichtung zur Teilhabe am Arbeitsleben ist &#8211; welche Kenntnisse und Kompetenzen der Teilnehmer besitzt &#8211; welche Bereiche und Arbeitsfelder in der WfbM oder au\u00dferhalb [&hellip;]<\/p>\n","protected":false},"author":1,"featured_media":0,"parent":80,"menu_order":0,"comment_status":"closed","ping_status":"closed","template":"","meta":{"footnotes":""},"class_list":["post-27","page","type-page","status-publish","czr-hentry"],"_links":{"self":[{"href":"https:\/\/wfbm-onw-eh.de\/index.php?rest_route=\/wp\/v2\/pages\/27","targetHints":{"allow":["GET"]}}],"collection":[{"href":"https:\/\/wfbm-onw-eh.de\/index.php?rest_route=\/wp\/v2\/pages"}],"about":[{"href":"https:\/\/wfbm-onw-eh.de\/index.php?rest_route=\/wp\/v2\/types\/page"}],"author":[{"embeddable":true,"href":"https:\/\/wfbm-onw-eh.de\/index.php?rest_route=\/wp\/v2\/users\/1"}],"replies":[{"embeddable":true,"href":"https:\/\/wfbm-onw-eh.de\/index.php?rest_route=%2Fwp%2Fv2%2Fcomments&post=27"}],"version-history":[{"count":0,"href":"https:\/\/wfbm-onw-eh.de\/index.php?rest_route=\/wp\/v2\/pages\/27\/revisions"}],"up":[{"embeddable":true,"href":"https:\/\/wfbm-onw-eh.de\/index.php?rest_route=\/wp\/v2\/pages\/80"}],"wp:attachment":[{"href":"https:\/\/wfbm-onw-eh.de\/index.php?rest_route=%2Fwp%2Fv2%2Fmedia&parent=27"}],"curies":[{"name":"wp","href":"https:\/\/api.w.org\/{rel}","templated":true}]}}