{"id":221,"date":"2018-09-22T23:45:26","date_gmt":"2018-09-22T23:45:26","guid":{"rendered":"https:\/\/wfbm-onw-eh.de\/?page_id=221"},"modified":"2018-09-22T23:49:47","modified_gmt":"2018-09-22T23:49:47","slug":"werkstattladen","status":"publish","type":"page","link":"https:\/\/wfbm-onw-eh.de\/?page_id=221","title":{"rendered":"Werkstattladen"},"content":{"rendered":"<p>Eigenprodukte aus den Arbeitsbereichen, kunstgewerbliche N\u00e4harbeiten und Holzbearbeitung, verkaufen wir t\u00e4glich montags bis freitags von 8.00 bis 14.00 Uhr in unserer Hauptwerkstatt<\/p>\n<p>Ringstra\u00dfe 7<br \/>\n15890 Eisenh\u00fcttenstadt<\/p>\n<p>im hauseigenen Werkstattladen.<\/p>\n<p>Die Produkte aus dem Kreativbereich und dem Holzbereich werden sowohl im<br \/>\nWerkstattladen innerhalb der Hauptwerkstatt Eisenh\u00fcttenstadt sowie bei Verkaufs-<br \/>\nausstellungen im Territorium angeboten.<\/p>\n<p><a title=\"Galerie Werkstattladen\" href=\"https:\/\/wfbm-onw-eh.de\/?page_id=219\"><img loading=\"lazy\" decoding=\"async\" class=\"alignleft size-medium wp-image-464\" src=\"https:\/\/wfbm-onw-eh.de\/wp-content\/uploads\/2018\/09\/IMG_0532-300x200.jpg\" alt=\"IMG_0532\" width=\"300\" height=\"200\" \/><\/a><\/p>\n<p>&nbsp;<\/p>\n<p>&nbsp;<\/p>\n<p>&nbsp;<\/p>\n<p>&nbsp;<\/p>\n<p>&nbsp;<\/p>\n<p>&nbsp;<\/p>\n<p>&nbsp;<\/p>\n<p>&nbsp;<\/p>\n<p>&nbsp;<\/p>\n<p>&nbsp;<\/p>\n<p><a title=\"Galerie Werkstattladen\" href=\"https:\/\/wfbm-onw-eh.de\/?page_id=219\">zur Galerie<\/a><\/p>\n","protected":false},"excerpt":{"rendered":"<p>Eigenprodukte aus den Arbeitsbereichen, kunstgewerbliche N\u00e4harbeiten und Holzbearbeitung, verkaufen wir t\u00e4glich montags bis freitags von 8.00 bis 14.00 Uhr in unserer Hauptwerkstatt Ringstra\u00dfe 7 15890 Eisenh\u00fcttenstadt im hauseigenen Werkstattladen. Die Produkte aus dem Kreativbereich und dem Holzbereich werden sowohl im Werkstattladen innerhalb der Hauptwerkstatt Eisenh\u00fcttenstadt sowie bei Verkaufs- ausstellungen im Territorium angeboten. &nbsp; &nbsp; &nbsp; [&hellip;]<\/p>\n","protected":false},"author":1,"featured_media":0,"parent":205,"menu_order":0,"comment_status":"closed","ping_status":"closed","template":"","meta":{"footnotes":""},"class_list":["post-221","page","type-page","status-publish","czr-hentry"],"_links":{"self":[{"href":"https:\/\/wfbm-onw-eh.de\/index.php?rest_route=\/wp\/v2\/pages\/221","targetHints":{"allow":["GET"]}}],"collection":[{"href":"https:\/\/wfbm-onw-eh.de\/index.php?rest_route=\/wp\/v2\/pages"}],"about":[{"href":"https:\/\/wfbm-onw-eh.de\/index.php?rest_route=\/wp\/v2\/types\/page"}],"author":[{"embeddable":true,"href":"https:\/\/wfbm-onw-eh.de\/index.php?rest_route=\/wp\/v2\/users\/1"}],"replies":[{"embeddable":true,"href":"https:\/\/wfbm-onw-eh.de\/index.php?rest_route=%2Fwp%2Fv2%2Fcomments&post=221"}],"version-history":[{"count":0,"href":"https:\/\/wfbm-onw-eh.de\/index.php?rest_route=\/wp\/v2\/pages\/221\/revisions"}],"up":[{"embeddable":true,"href":"https:\/\/wfbm-onw-eh.de\/index.php?rest_route=\/wp\/v2\/pages\/205"}],"wp:attachment":[{"href":"https:\/\/wfbm-onw-eh.de\/index.php?rest_route=%2Fwp%2Fv2%2Fmedia&parent=221"}],"curies":[{"name":"wp","href":"https:\/\/api.w.org\/{rel}","templated":true}]}}