{"id":216,"date":"2018-09-22T23:42:43","date_gmt":"2018-09-22T23:42:43","guid":{"rendered":"https:\/\/wfbm-onw-eh.de\/?page_id=216"},"modified":"2025-09-17T05:59:55","modified_gmt":"2025-09-17T05:59:55","slug":"feiern-veranstaltungen","status":"publish","type":"page","link":"https:\/\/wfbm-onw-eh.de\/?page_id=216","title":{"rendered":"Feiern\/Veranstaltungen"},"content":{"rendered":"\n\n<p>Bei uns gibt es \u00fcber das Jahr verteilt viele verschiedene H\u00f6hepunkte. So feiern wir Fasching und im Juni unser Sommerfest. Den Abschluss bildet im Dezember unsere Weihnachtsfeier.<\/p>\n<p>Im September\/Oktober findet unsere allj\u00e4hrliche Betriebsfahrt f\u00fcr alle Angeh\u00f6rigen der Einrichtung statt. Zudem f\u00fchren die einzelnen Gruppen regelm\u00e4\u00dfig individuelle Fahrten in die n\u00e4here Umgebung durch.<\/p>\n\n","protected":false},"excerpt":{"rendered":"<p>Bei uns gibt es \u00fcber das Jahr verteilt viele verschiedene H\u00f6hepunkte. So feiern wir Fasching und im Juni unser Sommerfest. Den Abschluss bildet im Dezember unsere Weihnachtsfeier. Im September\/Oktober findet unsere allj\u00e4hrliche Betriebsfahrt f\u00fcr alle Angeh\u00f6rigen der Einrichtung statt. Zudem f\u00fchren die einzelnen Gruppen regelm\u00e4\u00dfig individuelle Fahrten in die n\u00e4here Umgebung durch.<\/p>\n","protected":false},"author":1,"featured_media":0,"parent":205,"menu_order":0,"comment_status":"closed","ping_status":"closed","template":"","meta":{"footnotes":""},"class_list":["post-216","page","type-page","status-publish","czr-hentry"],"_links":{"self":[{"href":"https:\/\/wfbm-onw-eh.de\/index.php?rest_route=\/wp\/v2\/pages\/216","targetHints":{"allow":["GET"]}}],"collection":[{"href":"https:\/\/wfbm-onw-eh.de\/index.php?rest_route=\/wp\/v2\/pages"}],"about":[{"href":"https:\/\/wfbm-onw-eh.de\/index.php?rest_route=\/wp\/v2\/types\/page"}],"author":[{"embeddable":true,"href":"https:\/\/wfbm-onw-eh.de\/index.php?rest_route=\/wp\/v2\/users\/1"}],"replies":[{"embeddable":true,"href":"https:\/\/wfbm-onw-eh.de\/index.php?rest_route=%2Fwp%2Fv2%2Fcomments&post=216"}],"version-history":[{"count":3,"href":"https:\/\/wfbm-onw-eh.de\/index.php?rest_route=\/wp\/v2\/pages\/216\/revisions"}],"predecessor-version":[{"id":1588,"href":"https:\/\/wfbm-onw-eh.de\/index.php?rest_route=\/wp\/v2\/pages\/216\/revisions\/1588"}],"up":[{"embeddable":true,"href":"https:\/\/wfbm-onw-eh.de\/index.php?rest_route=\/wp\/v2\/pages\/205"}],"wp:attachment":[{"href":"https:\/\/wfbm-onw-eh.de\/index.php?rest_route=%2Fwp%2Fv2%2Fmedia&parent=216"}],"curies":[{"name":"wp","href":"https:\/\/api.w.org\/{rel}","templated":true}]}}