{"id":199,"date":"2018-09-22T23:00:42","date_gmt":"2018-09-22T23:00:42","guid":{"rendered":"https:\/\/wfbm-onw-eh.de\/?page_id=199"},"modified":"2020-11-04T06:06:03","modified_gmt":"2020-11-04T06:06:03","slug":"weitere-partner","status":"publish","type":"page","link":"https:\/\/wfbm-onw-eh.de\/?page_id=199","title":{"rendered":"weitere Partner"},"content":{"rendered":"<p>Weitere Partner sind:<\/p>\n<p>im Arbeitsbereich<\/p>\n<p><strong>Garten-und Landschaftspflege<\/strong><\/p>\n<ul>\n<li>ArcelorMittal Eisenh\u00fcttenstadt GmbH<\/li>\n<li>Aldi-Markt Eisenh\u00fcttenstadt<\/li>\n<li>ArcelorMittal Eisenh\u00fcttenstadt Recycling GmbH<\/li>\n<li>Unitechnik<\/li>\n<li>Busverkehr Oder Spree<\/li>\n<li>Naturpark Schlaubetal<\/li>\n<li>Wohnungswirtschaft Frankfurt (Oder) GmbH<\/li>\n<li>ALBA Recycling GmbH<\/li>\n<li>Oder-Immobilien Verwaltungs-GmbH<\/li>\n<li>Baugrund Hausverwaltungs GmbH<\/li>\n<li>Becker &amp; Armbrust GmbH<\/li>\n<li>Achse GmbH<\/li>\n<li>Piepenbrock Service GmbH + Co. KG<\/li>\n<li>diverse Privatauftr\u00e4ge<\/li>\n<\/ul>\n<p>im Arbeitsbereich<\/p>\n<p><strong>Kuvertier-, Falt- und Verpackungsarbeiten<\/strong><\/p>\n<ul>\n<li>Sparkasse Oder-Spree<\/li>\n<li>Handwerkskammer Frankfurt (Oder)<\/li>\n<li>East Side Records GmbH<\/li>\n<\/ul>\n<p>im Arbeitsbereich<\/p>\n<p><strong>W\u00e4scherei<\/strong><\/p>\n<ul>\n<li>Rettungswache Eisenh\u00fcttenstadt<\/li>\n<li>Agrargenossenschaft Neuzelle<\/li>\n<li>Gesundheitsamt der Stadt Eisenh\u00fcttenstadt<\/li>\n<\/ul>\n<p>im Arbeitsbereich<\/p>\n<p><strong>Holzbearbeitung<\/strong><\/p>\n<ul>\n<li>Peiniger R\u00f6Ro GmbH<\/li>\n<li>QCW<\/li>\n<li>SEAG Systemelemente GmbH<\/li>\n<li>Kita-Vereinigung Eisenh\u00fcttenstadt<\/li>\n<\/ul>\n<p>im Arbeitsbereich<\/p>\n<p><strong>Recycling<\/strong><\/p>\n<ul>\n<li>Hauptzollamt Frankfurt (Oder)<\/li>\n<li>Schule f\u00fcr Gesundheitsberufe e. V. Eisenh\u00fcttenstadt<\/li>\n<li>Landkreis Oder-Spree Beeskow<\/li>\n<li>\u00c4rztehaus Frankfurt (Oder) &#8211; Medizinische Diagnostik<\/li>\n<li>Amt M\u00e4rkische Schweiz<\/li>\n<\/ul>\n","protected":false},"excerpt":{"rendered":"<p>Weitere Partner sind: im Arbeitsbereich Garten-und Landschaftspflege ArcelorMittal Eisenh\u00fcttenstadt GmbH Aldi-Markt Eisenh\u00fcttenstadt ArcelorMittal Eisenh\u00fcttenstadt Recycling GmbH Unitechnik Busverkehr Oder Spree Naturpark Schlaubetal Wohnungswirtschaft Frankfurt (Oder) GmbH ALBA Recycling GmbH Oder-Immobilien Verwaltungs-GmbH Baugrund Hausverwaltungs GmbH Becker &amp; Armbrust GmbH Achse GmbH Piepenbrock Service GmbH + Co. KG diverse Privatauftr\u00e4ge im Arbeitsbereich Kuvertier-, Falt- und Verpackungsarbeiten Sparkasse [&hellip;]<\/p>\n","protected":false},"author":1,"featured_media":0,"parent":196,"menu_order":0,"comment_status":"closed","ping_status":"closed","template":"","meta":{"footnotes":""},"class_list":["post-199","page","type-page","status-publish","czr-hentry"],"_links":{"self":[{"href":"https:\/\/wfbm-onw-eh.de\/index.php?rest_route=\/wp\/v2\/pages\/199","targetHints":{"allow":["GET"]}}],"collection":[{"href":"https:\/\/wfbm-onw-eh.de\/index.php?rest_route=\/wp\/v2\/pages"}],"about":[{"href":"https:\/\/wfbm-onw-eh.de\/index.php?rest_route=\/wp\/v2\/types\/page"}],"author":[{"embeddable":true,"href":"https:\/\/wfbm-onw-eh.de\/index.php?rest_route=\/wp\/v2\/users\/1"}],"replies":[{"embeddable":true,"href":"https:\/\/wfbm-onw-eh.de\/index.php?rest_route=%2Fwp%2Fv2%2Fcomments&post=199"}],"version-history":[{"count":0,"href":"https:\/\/wfbm-onw-eh.de\/index.php?rest_route=\/wp\/v2\/pages\/199\/revisions"}],"up":[{"embeddable":true,"href":"https:\/\/wfbm-onw-eh.de\/index.php?rest_route=\/wp\/v2\/pages\/196"}],"wp:attachment":[{"href":"https:\/\/wfbm-onw-eh.de\/index.php?rest_route=%2Fwp%2Fv2%2Fmedia&parent=199"}],"curies":[{"name":"wp","href":"https:\/\/api.w.org\/{rel}","templated":true}]}}