{"id":162,"date":"2018-09-22T22:32:30","date_gmt":"2018-09-22T22:32:30","guid":{"rendered":"https:\/\/wfbm-onw-eh.de\/?page_id=162"},"modified":"2018-09-22T22:37:18","modified_gmt":"2018-09-22T22:37:18","slug":"montage-und-verpackungsarbeiten","status":"publish","type":"page","link":"https:\/\/wfbm-onw-eh.de\/?page_id=162","title":{"rendered":"Montage- und Verpackungsarbeiten"},"content":{"rendered":"<p><img loading=\"lazy\" decoding=\"async\" class=\"alignright size-thumbnail wp-image-261\" src=\"https:\/\/wfbm-onw-eh.de\/wp-content\/uploads\/2018\/09\/montage-150x150.gif\" alt=\"montage\" width=\"150\" height=\"150\" \/><\/p>\n<p><strong><img loading=\"lazy\" decoding=\"async\" class=\"alignright size-thumbnail wp-image-263\" src=\"https:\/\/wfbm-onw-eh.de\/wp-content\/uploads\/2018\/09\/montage2-150x150.gif\" alt=\"montage2\" width=\"150\" height=\"150\" \/><img loading=\"lazy\" decoding=\"async\" class=\"alignright size-thumbnail wp-image-262\" src=\"https:\/\/wfbm-onw-eh.de\/wp-content\/uploads\/2018\/09\/montage1-150x150.gif\" alt=\"montage1\" width=\"150\" height=\"150\" \/>Folgende Arbeiten werden zum gegenw\u00e4rtigen Zeitpunkt in diesem Bereich in Eisenh\u00fcttenstadt und Frankfurt (Oder) ausgef\u00fchrt:<\/strong><\/p>\n<ul>\n<li>Montage- und Demontagearbeiten<\/li>\n<li>Verpackungst\u00e4tigkeiten\/Tierfutterverpackung<\/li>\n<li>Sortier- und Konfektionierarbeiten<\/li>\n<li>Falt- und Kuvertierarbeiten von Druckerzeugnissen<\/li>\n<li>Fraktionierung<\/li>\n<\/ul>\n<p>&nbsp;<\/p>\n<p>&nbsp;<\/p>\n<p>&nbsp;<\/p>\n<p><a href=\"https:\/\/wfbm-onw-eh.de\/wp-content\/uploads\/2018\/09\/IMG_0550.jpg\"><img loading=\"lazy\" decoding=\"async\" class=\"alignleft size-medium wp-image-466\" src=\"https:\/\/wfbm-onw-eh.de\/wp-content\/uploads\/2018\/09\/IMG_0550-300x200.jpg\" alt=\"IMG_0550\" width=\"300\" height=\"200\" \/><\/a><\/p>\n<p><a href=\"https:\/\/wfbm-onw-eh.de\/wp-content\/uploads\/2018\/09\/IMG_0517.jpg\"><img loading=\"lazy\" decoding=\"async\" class=\"alignleft size-medium wp-image-457\" src=\"https:\/\/wfbm-onw-eh.de\/wp-content\/uploads\/2018\/09\/IMG_0517-300x200.jpg\" alt=\"IMG_0517\" width=\"300\" height=\"200\" \/><\/a><a href=\"https:\/\/wfbm-onw-eh.de\/wp-content\/uploads\/2018\/09\/IMG_0558.jpg\"><img loading=\"lazy\" decoding=\"async\" class=\"alignleft size-medium wp-image-469\" src=\"https:\/\/wfbm-onw-eh.de\/wp-content\/uploads\/2018\/09\/IMG_0558-300x200.jpg\" alt=\"IMG_0558\" width=\"300\" height=\"200\" \/><\/a><\/p>\n<p>&nbsp;<\/p>\n","protected":false},"excerpt":{"rendered":"<p>Folgende Arbeiten werden zum gegenw\u00e4rtigen Zeitpunkt in diesem Bereich in Eisenh\u00fcttenstadt und Frankfurt (Oder) ausgef\u00fchrt: Montage- und Demontagearbeiten Verpackungst\u00e4tigkeiten\/Tierfutterverpackung Sortier- und Konfektionierarbeiten Falt- und Kuvertierarbeiten von Druckerzeugnissen Fraktionierung &nbsp; &nbsp; &nbsp; &nbsp;<\/p>\n","protected":false},"author":1,"featured_media":0,"parent":29,"menu_order":0,"comment_status":"closed","ping_status":"closed","template":"","meta":{"footnotes":""},"class_list":["post-162","page","type-page","status-publish","czr-hentry"],"_links":{"self":[{"href":"https:\/\/wfbm-onw-eh.de\/index.php?rest_route=\/wp\/v2\/pages\/162","targetHints":{"allow":["GET"]}}],"collection":[{"href":"https:\/\/wfbm-onw-eh.de\/index.php?rest_route=\/wp\/v2\/pages"}],"about":[{"href":"https:\/\/wfbm-onw-eh.de\/index.php?rest_route=\/wp\/v2\/types\/page"}],"author":[{"embeddable":true,"href":"https:\/\/wfbm-onw-eh.de\/index.php?rest_route=\/wp\/v2\/users\/1"}],"replies":[{"embeddable":true,"href":"https:\/\/wfbm-onw-eh.de\/index.php?rest_route=%2Fwp%2Fv2%2Fcomments&post=162"}],"version-history":[{"count":0,"href":"https:\/\/wfbm-onw-eh.de\/index.php?rest_route=\/wp\/v2\/pages\/162\/revisions"}],"up":[{"embeddable":true,"href":"https:\/\/wfbm-onw-eh.de\/index.php?rest_route=\/wp\/v2\/pages\/29"}],"wp:attachment":[{"href":"https:\/\/wfbm-onw-eh.de\/index.php?rest_route=%2Fwp%2Fv2%2Fmedia&parent=162"}],"curies":[{"name":"wp","href":"https:\/\/api.w.org\/{rel}","templated":true}]}}