{"id":143,"date":"2018-09-22T22:15:16","date_gmt":"2018-09-22T22:15:16","guid":{"rendered":"https:\/\/wfbm-onw-eh.de\/?page_id=143"},"modified":"2018-09-22T22:19:42","modified_gmt":"2018-09-22T22:19:42","slug":"garten-und-landschaftspflege","status":"publish","type":"page","link":"https:\/\/wfbm-onw-eh.de\/?page_id=143","title":{"rendered":"Garten- und Landschaftspflege"},"content":{"rendered":"<p>&nbsp;<\/p>\n<p><strong>Folgende Arbeiten werden zum gegenw\u00e4rtigen Zeitpunkt in Eisenh\u00fcttenstadt und Frankfurt (Oder) ausgef\u00fchrt:<\/strong><img loading=\"lazy\" decoding=\"async\" class=\"alignright size-thumbnail wp-image-271\" src=\"https:\/\/wfbm-onw-eh.de\/wp-content\/uploads\/2018\/09\/landschaft-150x150.gif\" alt=\"Garten- und Landschaftspflege\" width=\"150\" height=\"150\" \/><\/p>\n<ul>\n<li>\n<address>Gr\u00fcn- und Geh\u00f6lzfl\u00e4chenpflege<\/address>\n<\/li>\n<\/ul>\n<address>\n<ul>\n<li>Reinigung und Instandhaltung von Spielpl\u00e4tzen und Sandk\u00e4sten<\/li>\n<\/ul>\n<ul>\n<li>Rabattenpflege, Bankette- und Geh\u00f6lzschnitte<\/li>\n<\/ul>\n<\/address>\n<ul>\n<li>\n<address>Anlegen von Rasenfl\u00e4chen\/Rasenmahd<\/address>\n<\/li>\n<li>\n<address>Pflegema\u00dfnahmen in Natur- und Landschaftsschutzgebieten<\/address>\n<\/li>\n<\/ul>\n<p>&nbsp;<\/p>\n<p><strong>Zus\u00e4tzliche Angebote unserer Zweigwerkstatt Frankfurt (Oder):<\/strong><\/p>\n<ul>\n<li>\n<address>Landschaftsbau und Gartenpflege (Neuanlage, Bepflanzung, Geh\u00f6lz- und Baumschnitte, Pflegearbeiten)<\/address>\n<\/li>\n<li>\n<address>Wald- und Bestandspflege<\/address>\n<\/li>\n<\/ul>\n<p>&nbsp;<\/p>\n<p><a href=\"https:\/\/wfbm-onw-eh.de\/wp-content\/uploads\/2018\/09\/Gala-Bild1.jpg\"><img loading=\"lazy\" decoding=\"async\" class=\"alignleft size-medium wp-image-716\" src=\"https:\/\/wfbm-onw-eh.de\/wp-content\/uploads\/2018\/09\/Gala-Bild1-300x200.jpg\" alt=\"Gala Bild\" width=\"300\" height=\"200\" \/><\/a><a href=\"https:\/\/wfbm-onw-eh.de\/wp-content\/uploads\/2018\/09\/Gala-2014.jpg\"><img loading=\"lazy\" decoding=\"async\" class=\"alignleft size-medium wp-image-612\" src=\"https:\/\/wfbm-onw-eh.de\/wp-content\/uploads\/2018\/09\/Gala-2014-300x200.jpg\" alt=\"Gala 2014\" width=\"300\" height=\"200\" \/><\/a><\/p>\n<p>&nbsp;<\/p>\n<p>&nbsp;<\/p>\n<p>&nbsp;<\/p>\n","protected":false},"excerpt":{"rendered":"<p>&nbsp; Folgende Arbeiten werden zum gegenw\u00e4rtigen Zeitpunkt in Eisenh\u00fcttenstadt und Frankfurt (Oder) ausgef\u00fchrt: Gr\u00fcn- und Geh\u00f6lzfl\u00e4chenpflege Reinigung und Instandhaltung von Spielpl\u00e4tzen und Sandk\u00e4sten Rabattenpflege, Bankette- und Geh\u00f6lzschnitte Anlegen von Rasenfl\u00e4chen\/Rasenmahd Pflegema\u00dfnahmen in Natur- und Landschaftsschutzgebieten &nbsp; Zus\u00e4tzliche Angebote unserer Zweigwerkstatt Frankfurt (Oder): Landschaftsbau und Gartenpflege (Neuanlage, Bepflanzung, Geh\u00f6lz- und Baumschnitte, Pflegearbeiten) Wald- und Bestandspflege &nbsp; [&hellip;]<\/p>\n","protected":false},"author":1,"featured_media":0,"parent":29,"menu_order":0,"comment_status":"closed","ping_status":"closed","template":"","meta":{"footnotes":""},"class_list":["post-143","page","type-page","status-publish","czr-hentry"],"_links":{"self":[{"href":"https:\/\/wfbm-onw-eh.de\/index.php?rest_route=\/wp\/v2\/pages\/143","targetHints":{"allow":["GET"]}}],"collection":[{"href":"https:\/\/wfbm-onw-eh.de\/index.php?rest_route=\/wp\/v2\/pages"}],"about":[{"href":"https:\/\/wfbm-onw-eh.de\/index.php?rest_route=\/wp\/v2\/types\/page"}],"author":[{"embeddable":true,"href":"https:\/\/wfbm-onw-eh.de\/index.php?rest_route=\/wp\/v2\/users\/1"}],"replies":[{"embeddable":true,"href":"https:\/\/wfbm-onw-eh.de\/index.php?rest_route=%2Fwp%2Fv2%2Fcomments&post=143"}],"version-history":[{"count":0,"href":"https:\/\/wfbm-onw-eh.de\/index.php?rest_route=\/wp\/v2\/pages\/143\/revisions"}],"up":[{"embeddable":true,"href":"https:\/\/wfbm-onw-eh.de\/index.php?rest_route=\/wp\/v2\/pages\/29"}],"wp:attachment":[{"href":"https:\/\/wfbm-onw-eh.de\/index.php?rest_route=%2Fwp%2Fv2%2Fmedia&parent=143"}],"curies":[{"name":"wp","href":"https:\/\/api.w.org\/{rel}","templated":true}]}}