{"id":126,"date":"2018-09-22T22:06:05","date_gmt":"2018-09-22T22:06:05","guid":{"rendered":"https:\/\/wfbm-onw-eh.de\/?page_id=126"},"modified":"2018-09-22T22:13:50","modified_gmt":"2018-09-22T22:13:50","slug":"waescherei","status":"publish","type":"page","link":"https:\/\/wfbm-onw-eh.de\/?page_id=126","title":{"rendered":"W\u00e4scherei"},"content":{"rendered":"<p><b><strong>Folgende Arbeiten werden zum gegenw\u00e4rtigen Zeitpunkt ausgef\u00fchrt<\/strong>:<\/b><a href=\"https:\/\/wfbm-onw-eh.de\/wp-content\/uploads\/2018\/09\/waescherei.gif\"><img loading=\"lazy\" decoding=\"async\" class=\"alignright size-thumbnail wp-image-266\" src=\"https:\/\/wfbm-onw-eh.de\/wp-content\/uploads\/2018\/09\/waescherei-150x150.gif\" alt=\"waescherei\" width=\"150\" height=\"150\" \/><\/a><\/p>\n<p>&nbsp;<\/p>\n<p><a href=\"https:\/\/wfbm-onw-eh.de\/wp-content\/uploads\/2018\/09\/IMG_0562.jpg\"><img loading=\"lazy\" decoding=\"async\" class=\"alignleft size-medium wp-image-470\" src=\"https:\/\/wfbm-onw-eh.de\/wp-content\/uploads\/2018\/09\/IMG_0562-300x200.jpg\" alt=\"IMG_0562\" width=\"300\" height=\"200\" \/><\/a><a href=\"https:\/\/wfbm-onw-eh.de\/wp-content\/uploads\/2018\/09\/IMG_0470.jpg\"><img loading=\"lazy\" decoding=\"async\" class=\"alignleft size-medium wp-image-433\" src=\"https:\/\/wfbm-onw-eh.de\/wp-content\/uploads\/2018\/09\/IMG_0470-300x200.jpg\" alt=\"IMG_0470\" width=\"300\" height=\"200\" \/><br \/>\n<\/a><\/p>\n<p>&nbsp;<\/p>\n<p>&nbsp;<\/p>\n<p>&nbsp;<\/p>\n<p>&nbsp;<\/p>\n<p>&nbsp;<\/p>\n<ul>\n<li>schrankfertige Bereitstellung von W\u00e4sche f\u00fcr Privatkunden, \u00c4rzte und Kinderg\u00e4rten, Gastst\u00e4tten, Unfalldienste und \u00f6ffentliche Einrichtungen<\/li>\n<li>Abholung- und Bringedienst von W\u00e4sche im Stadtgebiet<\/li>\n<\/ul>\n<p>&nbsp;<\/p>\n<p><strong>Technische Ausstattung:<\/strong><\/p>\n<ul>\n<li>Industrie- und Haushaltswaschmaschinen<\/li>\n<li>W\u00e4schetrockner<\/li>\n<li>B\u00fcgelautomaten<\/li>\n<li>W\u00e4schemangel<\/li>\n<li>Hosentopper<\/li>\n<li>Kittelfinisher<\/li>\n<\/ul>\n","protected":false},"excerpt":{"rendered":"<p>Folgende Arbeiten werden zum gegenw\u00e4rtigen Zeitpunkt ausgef\u00fchrt: &nbsp; &nbsp; &nbsp; &nbsp; &nbsp; &nbsp; schrankfertige Bereitstellung von W\u00e4sche f\u00fcr Privatkunden, \u00c4rzte und Kinderg\u00e4rten, Gastst\u00e4tten, Unfalldienste und \u00f6ffentliche Einrichtungen Abholung- und Bringedienst von W\u00e4sche im Stadtgebiet &nbsp; Technische Ausstattung: Industrie- und Haushaltswaschmaschinen W\u00e4schetrockner B\u00fcgelautomaten W\u00e4schemangel Hosentopper Kittelfinisher<\/p>\n","protected":false},"author":1,"featured_media":0,"parent":29,"menu_order":0,"comment_status":"closed","ping_status":"closed","template":"","meta":{"footnotes":""},"class_list":["post-126","page","type-page","status-publish","czr-hentry"],"_links":{"self":[{"href":"https:\/\/wfbm-onw-eh.de\/index.php?rest_route=\/wp\/v2\/pages\/126","targetHints":{"allow":["GET"]}}],"collection":[{"href":"https:\/\/wfbm-onw-eh.de\/index.php?rest_route=\/wp\/v2\/pages"}],"about":[{"href":"https:\/\/wfbm-onw-eh.de\/index.php?rest_route=\/wp\/v2\/types\/page"}],"author":[{"embeddable":true,"href":"https:\/\/wfbm-onw-eh.de\/index.php?rest_route=\/wp\/v2\/users\/1"}],"replies":[{"embeddable":true,"href":"https:\/\/wfbm-onw-eh.de\/index.php?rest_route=%2Fwp%2Fv2%2Fcomments&post=126"}],"version-history":[{"count":0,"href":"https:\/\/wfbm-onw-eh.de\/index.php?rest_route=\/wp\/v2\/pages\/126\/revisions"}],"up":[{"embeddable":true,"href":"https:\/\/wfbm-onw-eh.de\/index.php?rest_route=\/wp\/v2\/pages\/29"}],"wp:attachment":[{"href":"https:\/\/wfbm-onw-eh.de\/index.php?rest_route=%2Fwp%2Fv2%2Fmedia&parent=126"}],"curies":[{"name":"wp","href":"https:\/\/api.w.org\/{rel}","templated":true}]}}