{"id":120,"date":"2018-09-22T22:01:36","date_gmt":"2018-09-22T22:01:36","guid":{"rendered":"https:\/\/wfbm-onw-eh.de\/?page_id=120"},"modified":"2018-09-22T22:03:55","modified_gmt":"2018-09-22T22:03:55","slug":"holzbearbeitung","status":"publish","type":"page","link":"https:\/\/wfbm-onw-eh.de\/?page_id=120","title":{"rendered":"Holzbearbeitung"},"content":{"rendered":"<p><strong>Folgende T\u00e4tigkeiten werden zur Zeit von uns ausgef\u00fchrt:<\/strong><\/p>\n<ul>\n<li>spezielle Verpackungszuschnitte (individuelle Einwegpalettenherstellung)                                                                                                                                                                 <a href=\"https:\/\/wfbm-onw-eh.de\/wp-content\/uploads\/2018\/09\/holzbearbeitung.gif\"><img loading=\"lazy\" decoding=\"async\" class=\"alignright size-full wp-image-268\" src=\"https:\/\/wfbm-onw-eh.de\/wp-content\/uploads\/2018\/09\/holzbearbeitung.gif\" alt=\"holzbearbeitung\" width=\"199\" height=\"199\" \/><\/a><\/li>\n<li>Reparaturarbeiten<\/li>\n<li>individuelle Eigenproduktionen (z. B. Kleinm\u00f6bel, Ausstattung von Gesch\u00e4ftsr\u00e4umen individuelle Erg\u00e4nzungsm\u00f6bel)<\/li>\n<li>Carporte, Pergolen, Bootsstege<\/li>\n<\/ul>\n<p><a href=\"https:\/\/wfbm-onw-eh.de\/wp-content\/uploads\/2018\/09\/IMG_0492.jpg\"><img loading=\"lazy\" decoding=\"async\" class=\"alignleft size-medium wp-image-445\" src=\"https:\/\/wfbm-onw-eh.de\/wp-content\/uploads\/2018\/09\/IMG_0492-300x200.jpg\" alt=\"IMG_0492\" width=\"300\" height=\"200\" \/><\/a><\/p>\n","protected":false},"excerpt":{"rendered":"<p>Folgende T\u00e4tigkeiten werden zur Zeit von uns ausgef\u00fchrt: spezielle Verpackungszuschnitte (individuelle Einwegpalettenherstellung) Reparaturarbeiten individuelle Eigenproduktionen (z. B. Kleinm\u00f6bel, Ausstattung von Gesch\u00e4ftsr\u00e4umen individuelle Erg\u00e4nzungsm\u00f6bel) Carporte, Pergolen, Bootsstege<\/p>\n","protected":false},"author":1,"featured_media":0,"parent":29,"menu_order":0,"comment_status":"closed","ping_status":"closed","template":"","meta":{"footnotes":""},"class_list":["post-120","page","type-page","status-publish","czr-hentry"],"_links":{"self":[{"href":"https:\/\/wfbm-onw-eh.de\/index.php?rest_route=\/wp\/v2\/pages\/120","targetHints":{"allow":["GET"]}}],"collection":[{"href":"https:\/\/wfbm-onw-eh.de\/index.php?rest_route=\/wp\/v2\/pages"}],"about":[{"href":"https:\/\/wfbm-onw-eh.de\/index.php?rest_route=\/wp\/v2\/types\/page"}],"author":[{"embeddable":true,"href":"https:\/\/wfbm-onw-eh.de\/index.php?rest_route=\/wp\/v2\/users\/1"}],"replies":[{"embeddable":true,"href":"https:\/\/wfbm-onw-eh.de\/index.php?rest_route=%2Fwp%2Fv2%2Fcomments&post=120"}],"version-history":[{"count":0,"href":"https:\/\/wfbm-onw-eh.de\/index.php?rest_route=\/wp\/v2\/pages\/120\/revisions"}],"up":[{"embeddable":true,"href":"https:\/\/wfbm-onw-eh.de\/index.php?rest_route=\/wp\/v2\/pages\/29"}],"wp:attachment":[{"href":"https:\/\/wfbm-onw-eh.de\/index.php?rest_route=%2Fwp%2Fv2%2Fmedia&parent=120"}],"curies":[{"name":"wp","href":"https:\/\/api.w.org\/{rel}","templated":true}]}}