{"id":1030,"date":"2021-07-12T12:56:47","date_gmt":"2021-07-12T12:56:47","guid":{"rendered":"https:\/\/wfbm-onw-eh.de\/?page_id=1030"},"modified":"2025-07-28T06:30:26","modified_gmt":"2025-07-28T06:30:26","slug":"unsere-aktuellen-auftraege","status":"publish","type":"page","link":"https:\/\/wfbm-onw-eh.de\/?page_id=1030","title":{"rendered":"Unsere aktuellen Auftr\u00e4ge"},"content":{"rendered":"\n<h2 class=\"has-luminous-vivid-orange-color has-text-color has-medium-font-size\">Wir f\u00fcllen ab, verpacken, etikettieren &#8230;..<\/h2>\n\n\n\n<figure class=\"wp-block-gallery has-nested-images columns-default is-cropped wp-block-gallery-1 is-layout-flex wp-block-gallery-is-layout-flex\">\n<figure class=\"wp-block-image size-large\"><img loading=\"lazy\" decoding=\"async\" width=\"1024\" height=\"576\" data-id=\"1032\" src=\"https:\/\/wfbm-onw-eh.de\/wp-content\/uploads\/2021\/07\/DSC_0562-1024x576.jpg\" alt=\"\" class=\"wp-image-1032\" srcset=\"https:\/\/wfbm-onw-eh.de\/wp-content\/uploads\/2021\/07\/DSC_0562-1024x576.jpg 1024w, https:\/\/wfbm-onw-eh.de\/wp-content\/uploads\/2021\/07\/DSC_0562-300x169.jpg 300w, https:\/\/wfbm-onw-eh.de\/wp-content\/uploads\/2021\/07\/DSC_0562-768x432.jpg 768w, https:\/\/wfbm-onw-eh.de\/wp-content\/uploads\/2021\/07\/DSC_0562-1536x864.jpg 1536w, https:\/\/wfbm-onw-eh.de\/wp-content\/uploads\/2021\/07\/DSC_0562.jpg 1639w\" sizes=\"auto, (max-width: 1024px) 100vw, 1024px\" \/><\/figure>\n\n\n\n<figure class=\"wp-block-image size-large\"><img loading=\"lazy\" decoding=\"async\" width=\"1024\" height=\"576\" data-id=\"1031\" src=\"https:\/\/wfbm-onw-eh.de\/wp-content\/uploads\/2021\/07\/DSC_0561-1024x576.jpg\" alt=\"\" class=\"wp-image-1031\" srcset=\"https:\/\/wfbm-onw-eh.de\/wp-content\/uploads\/2021\/07\/DSC_0561-1024x576.jpg 1024w, https:\/\/wfbm-onw-eh.de\/wp-content\/uploads\/2021\/07\/DSC_0561-300x169.jpg 300w, https:\/\/wfbm-onw-eh.de\/wp-content\/uploads\/2021\/07\/DSC_0561-768x432.jpg 768w, https:\/\/wfbm-onw-eh.de\/wp-content\/uploads\/2021\/07\/DSC_0561-1536x864.jpg 1536w, https:\/\/wfbm-onw-eh.de\/wp-content\/uploads\/2021\/07\/DSC_0561.jpg 1639w\" sizes=\"auto, (max-width: 1024px) 100vw, 1024px\" \/><\/figure>\n\n\n\n<figure class=\"wp-block-image size-large\"><img loading=\"lazy\" decoding=\"async\" width=\"1024\" height=\"576\" data-id=\"1033\" src=\"https:\/\/wfbm-onw-eh.de\/wp-content\/uploads\/2021\/07\/DSC_0563-1024x576.jpg\" alt=\"\" class=\"wp-image-1033\" srcset=\"https:\/\/wfbm-onw-eh.de\/wp-content\/uploads\/2021\/07\/DSC_0563-1024x576.jpg 1024w, https:\/\/wfbm-onw-eh.de\/wp-content\/uploads\/2021\/07\/DSC_0563-300x169.jpg 300w, https:\/\/wfbm-onw-eh.de\/wp-content\/uploads\/2021\/07\/DSC_0563-768x432.jpg 768w, https:\/\/wfbm-onw-eh.de\/wp-content\/uploads\/2021\/07\/DSC_0563-1536x864.jpg 1536w, https:\/\/wfbm-onw-eh.de\/wp-content\/uploads\/2021\/07\/DSC_0563.jpg 1639w\" sizes=\"auto, (max-width: 1024px) 100vw, 1024px\" \/><\/figure>\n<\/figure>\n\n\n\n<h2><span style=\"color: #ff6600;\">Ein Insektenhotel, gebaut von unserer Holzwerkstatt, f\u00fcr das Albert-Schweizer-Gymnasium in Eisenh\u00fcttenstadt.<\/span><\/h2>\n\n\n\n\n\t\t<style type=\"text\/css\">\n\t\t\t#gallery-1 {\n\t\t\t\tmargin: auto;\n\t\t\t}\n\t\t\t#gallery-1 .gallery-item {\n\t\t\t\tfloat: left;\n\t\t\t\tmargin-top: 10px;\n\t\t\t\ttext-align: center;\n\t\t\t\twidth: 25%;\n\t\t\t}\n\t\t\t#gallery-1 img {\n\t\t\t\tborder: 2px solid #cfcfcf;\n\t\t\t}\n\t\t\t#gallery-1 .gallery-caption {\n\t\t\t\tmargin-left: 0;\n\t\t\t}\n\t\t\t\/* see gallery_shortcode() in wp-includes\/media.php *\/\n\t\t<\/style>\n\t\t<div id='gallery-1' class='gallery galleryid-1030 gallery-columns-4 gallery-size-medium'><dl class='gallery-item'>\n\t\t\t<dt class='gallery-icon portrait'>\n\t\t\t\t<a href='https:\/\/wfbm-onw-eh.de\/?attachment_id=1525'><img loading=\"lazy\" decoding=\"async\" width=\"225\" height=\"300\" src=\"https:\/\/wfbm-onw-eh.de\/wp-content\/uploads\/2025\/07\/IMG-20250722-WA0006-1-225x300.jpg\" class=\"attachment-medium size-medium no-lazy\" alt=\"\" srcset=\"https:\/\/wfbm-onw-eh.de\/wp-content\/uploads\/2025\/07\/IMG-20250722-WA0006-1-225x300.jpg 225w, https:\/\/wfbm-onw-eh.de\/wp-content\/uploads\/2025\/07\/IMG-20250722-WA0006-1-768x1024.jpg 768w, https:\/\/wfbm-onw-eh.de\/wp-content\/uploads\/2025\/07\/IMG-20250722-WA0006-1-1152x1536.jpg 1152w, https:\/\/wfbm-onw-eh.de\/wp-content\/uploads\/2025\/07\/IMG-20250722-WA0006-1.jpg 1200w\" sizes=\"auto, (max-width: 225px) 100vw, 225px\" \/><\/a>\n\t\t\t<\/dt><\/dl><dl class='gallery-item'>\n\t\t\t<dt class='gallery-icon portrait'>\n\t\t\t\t<a href='https:\/\/wfbm-onw-eh.de\/?attachment_id=1526'><img loading=\"lazy\" decoding=\"async\" width=\"225\" height=\"300\" src=\"https:\/\/wfbm-onw-eh.de\/wp-content\/uploads\/2025\/07\/IMG-20250722-WA0000-225x300.jpg\" class=\"attachment-medium size-medium no-lazy\" alt=\"\" srcset=\"https:\/\/wfbm-onw-eh.de\/wp-content\/uploads\/2025\/07\/IMG-20250722-WA0000-225x300.jpg 225w, https:\/\/wfbm-onw-eh.de\/wp-content\/uploads\/2025\/07\/IMG-20250722-WA0000-768x1024.jpg 768w, https:\/\/wfbm-onw-eh.de\/wp-content\/uploads\/2025\/07\/IMG-20250722-WA0000-1152x1536.jpg 1152w, https:\/\/wfbm-onw-eh.de\/wp-content\/uploads\/2025\/07\/IMG-20250722-WA0000.jpg 1200w\" sizes=\"auto, (max-width: 225px) 100vw, 225px\" \/><\/a>\n\t\t\t<\/dt><\/dl><dl class='gallery-item'>\n\t\t\t<dt class='gallery-icon portrait'>\n\t\t\t\t<a href='https:\/\/wfbm-onw-eh.de\/?attachment_id=1527'><img loading=\"lazy\" decoding=\"async\" width=\"225\" height=\"300\" src=\"https:\/\/wfbm-onw-eh.de\/wp-content\/uploads\/2025\/07\/IMG-20250722-WA0004-225x300.jpg\" class=\"attachment-medium size-medium no-lazy\" alt=\"\" srcset=\"https:\/\/wfbm-onw-eh.de\/wp-content\/uploads\/2025\/07\/IMG-20250722-WA0004-225x300.jpg 225w, https:\/\/wfbm-onw-eh.de\/wp-content\/uploads\/2025\/07\/IMG-20250722-WA0004-768x1024.jpg 768w, https:\/\/wfbm-onw-eh.de\/wp-content\/uploads\/2025\/07\/IMG-20250722-WA0004-1152x1536.jpg 1152w, https:\/\/wfbm-onw-eh.de\/wp-content\/uploads\/2025\/07\/IMG-20250722-WA0004.jpg 1200w\" sizes=\"auto, (max-width: 225px) 100vw, 225px\" \/><\/a>\n\t\t\t<\/dt><\/dl><dl class='gallery-item'>\n\t\t\t<dt class='gallery-icon portrait'>\n\t\t\t\t<a href='https:\/\/wfbm-onw-eh.de\/?attachment_id=1528'><img loading=\"lazy\" decoding=\"async\" width=\"225\" height=\"300\" src=\"https:\/\/wfbm-onw-eh.de\/wp-content\/uploads\/2025\/07\/IMG-20250722-WA0008-225x300.jpg\" class=\"attachment-medium size-medium no-lazy\" alt=\"\" srcset=\"https:\/\/wfbm-onw-eh.de\/wp-content\/uploads\/2025\/07\/IMG-20250722-WA0008-225x300.jpg 225w, https:\/\/wfbm-onw-eh.de\/wp-content\/uploads\/2025\/07\/IMG-20250722-WA0008-768x1024.jpg 768w, https:\/\/wfbm-onw-eh.de\/wp-content\/uploads\/2025\/07\/IMG-20250722-WA0008-1152x1536.jpg 1152w, https:\/\/wfbm-onw-eh.de\/wp-content\/uploads\/2025\/07\/IMG-20250722-WA0008.jpg 1200w\" sizes=\"auto, (max-width: 225px) 100vw, 225px\" \/><\/a>\n\t\t\t<\/dt><\/dl><br style=\"clear: both\" \/>\n\t\t<\/div>\n\n\n\n","protected":false},"excerpt":{"rendered":"<p>Wir f\u00fcllen ab, verpacken, etikettieren &#8230;.. Ein Insektenhotel, gebaut von unserer Holzwerkstatt, f\u00fcr das Albert-Schweizer-Gymnasium in Eisenh\u00fcttenstadt.<\/p>\n","protected":false},"author":2,"featured_media":0,"parent":0,"menu_order":0,"comment_status":"closed","ping_status":"closed","template":"","meta":{"footnotes":""},"class_list":["post-1030","page","type-page","status-publish","czr-hentry"],"_links":{"self":[{"href":"https:\/\/wfbm-onw-eh.de\/index.php?rest_route=\/wp\/v2\/pages\/1030","targetHints":{"allow":["GET"]}}],"collection":[{"href":"https:\/\/wfbm-onw-eh.de\/index.php?rest_route=\/wp\/v2\/pages"}],"about":[{"href":"https:\/\/wfbm-onw-eh.de\/index.php?rest_route=\/wp\/v2\/types\/page"}],"author":[{"embeddable":true,"href":"https:\/\/wfbm-onw-eh.de\/index.php?rest_route=\/wp\/v2\/users\/2"}],"replies":[{"embeddable":true,"href":"https:\/\/wfbm-onw-eh.de\/index.php?rest_route=%2Fwp%2Fv2%2Fcomments&post=1030"}],"version-history":[{"count":1,"href":"https:\/\/wfbm-onw-eh.de\/index.php?rest_route=\/wp\/v2\/pages\/1030\/revisions"}],"predecessor-version":[{"id":1529,"href":"https:\/\/wfbm-onw-eh.de\/index.php?rest_route=\/wp\/v2\/pages\/1030\/revisions\/1529"}],"wp:attachment":[{"href":"https:\/\/wfbm-onw-eh.de\/index.php?rest_route=%2Fwp%2Fv2%2Fmedia&parent=1030"}],"curies":[{"name":"wp","href":"https:\/\/api.w.org\/{rel}","templated":true}]}}