{"id":102,"date":"2018-09-22T21:47:41","date_gmt":"2018-09-22T21:47:41","guid":{"rendered":"https:\/\/wfbm-onw-eh.de\/?page_id=102"},"modified":"2018-09-22T21:50:32","modified_gmt":"2018-09-22T21:50:32","slug":"hauswirtschaft","status":"publish","type":"page","link":"https:\/\/wfbm-onw-eh.de\/?page_id=102","title":{"rendered":"Hauswirtschaft"},"content":{"rendered":"<p style=\"margin-bottom: 0cm;\"><span style=\"font-family: Arial,sans-serif;\"><a href=\"https:\/\/wfbm-onw-eh.de\/wp-content\/uploads\/2018\/09\/IMG_0450.jpg\"><img loading=\"lazy\" decoding=\"async\" class=\"alignleft size-medium wp-image-431\" src=\"https:\/\/wfbm-onw-eh.de\/wp-content\/uploads\/2018\/09\/IMG_0450-200x300.jpg\" alt=\"IMG_0450\" width=\"200\" height=\"300\" \/><\/a><strong>Folgende Arbeiten werden zum gegenw\u00e4rtigen Zeitpunkt in diesem Bereich ausgef\u00fchrt:<\/strong><\/span><\/p>\n<p style=\"margin-bottom: 0cm;\"><span style=\"font-family: Arial,sans-serif;\"><a href=\"https:\/\/wfbm-onw-eh.de\/wp-content\/uploads\/2018\/09\/hauswirtschaft.gif\"><img loading=\"lazy\" decoding=\"async\" class=\"alignright wp-image-267 size-thumbnail\" src=\"https:\/\/wfbm-onw-eh.de\/wp-content\/uploads\/2018\/09\/hauswirtschaft-150x150.gif\" alt=\"Hauswirtschaft\" width=\"150\" height=\"150\" \/><\/a><\/span><\/p>\n<p>&nbsp;<\/p>\n<p><strong><span style=\"font-family: Arial,sans-serif;\">Reinigungs- und Pflegearbeiten der<br \/>\n<\/span><\/strong><\/p>\n<ul>\n<li><span style=\"font-family: Arial,sans-serif;\">Gemeinschaftsr\u00e4ume<\/span><\/li>\n<\/ul>\n<ul>\n<li><span style=\"font-family: Arial,sans-serif;\">Flure, S\u00e4le, Hauseing\u00e4nge<\/span><\/li>\n<\/ul>\n<ul>\n<li>Sanit\u00e4r- und Verwaltungsr\u00e4ume sowie<\/li>\n<\/ul>\n<p style=\"margin-bottom: 0cm;\"><span style=\"font-family: Arial,sans-serif;\">Wasch- und B\u00fcgelarbeiten von Betriebsw\u00e4sche<\/span><\/p>\n<p>&nbsp;<\/p>\n","protected":false},"excerpt":{"rendered":"<p>Folgende Arbeiten werden zum gegenw\u00e4rtigen Zeitpunkt in diesem Bereich ausgef\u00fchrt: &nbsp; Reinigungs- und Pflegearbeiten der Gemeinschaftsr\u00e4ume Flure, S\u00e4le, Hauseing\u00e4nge Sanit\u00e4r- und Verwaltungsr\u00e4ume sowie Wasch- und B\u00fcgelarbeiten von Betriebsw\u00e4sche &nbsp;<\/p>\n","protected":false},"author":1,"featured_media":0,"parent":94,"menu_order":0,"comment_status":"closed","ping_status":"closed","template":"","meta":{"footnotes":""},"class_list":["post-102","page","type-page","status-publish","czr-hentry"],"_links":{"self":[{"href":"https:\/\/wfbm-onw-eh.de\/index.php?rest_route=\/wp\/v2\/pages\/102","targetHints":{"allow":["GET"]}}],"collection":[{"href":"https:\/\/wfbm-onw-eh.de\/index.php?rest_route=\/wp\/v2\/pages"}],"about":[{"href":"https:\/\/wfbm-onw-eh.de\/index.php?rest_route=\/wp\/v2\/types\/page"}],"author":[{"embeddable":true,"href":"https:\/\/wfbm-onw-eh.de\/index.php?rest_route=\/wp\/v2\/users\/1"}],"replies":[{"embeddable":true,"href":"https:\/\/wfbm-onw-eh.de\/index.php?rest_route=%2Fwp%2Fv2%2Fcomments&post=102"}],"version-history":[{"count":0,"href":"https:\/\/wfbm-onw-eh.de\/index.php?rest_route=\/wp\/v2\/pages\/102\/revisions"}],"up":[{"embeddable":true,"href":"https:\/\/wfbm-onw-eh.de\/index.php?rest_route=\/wp\/v2\/pages\/94"}],"wp:attachment":[{"href":"https:\/\/wfbm-onw-eh.de\/index.php?rest_route=%2Fwp%2Fv2%2Fmedia&parent=102"}],"curies":[{"name":"wp","href":"https:\/\/api.w.org\/{rel}","templated":true}]}}